{"id":3966,"date":"2022-05-09T10:31:45","date_gmt":"2022-05-09T10:31:45","guid":{"rendered":"https:\/\/supr2clean.dk\/vare\/nachfuellbeutel-mini-wetkins-50-blatt-neu-4320-mwst-2\/"},"modified":"2022-06-13T00:01:03","modified_gmt":"2022-06-13T00:01:03","slug":"nachfuellbeutel-mini-wetkins-50-blatt-neu-4320-mwst-2","status":"publish","type":"product","link":"https:\/\/supr2clean.dk\/de\/vare\/nachfuellbeutel-mini-wetkins-50-blatt-neu-4320-mwst-2\/","title":{"rendered":"Nachf\u00fcllbeutel &#8211; Mini WETKINS, 50 Blatt &#8211; NEU 43,20 + MwSt"},"content":{"rendered":"<p>Nachf\u00fcllbeutel mit 50 Blatt Feuchtt\u00fcchern &#8211; f\u00fcr Mini WETKINS Beh\u00e4lter.<\/p>\n<p>Sparen Sie Plastik, Fracht und zus\u00e4tzliche Unannehmlichkeiten &#8211; und bestellen Sie gleichzeitig mit der Bestellung Ihrer MINI WETKINS einen Nachf\u00fcllbeutel.<\/p>\n<p>Die Feuchtt\u00fccher entfernen Bakterien und deaktivieren Corona.<\/p>\n","protected":false},"excerpt":{"rendered":"<p>Nachf\u00fcllbeutel mit 50 Blatt Feuchtt\u00fcchern &#8211; f\u00fcr Mini WETKINS Beh\u00e4lter. [&hellip;]<\/p>\n","protected":false},"featured_media":3953,"template":"","meta":[],"product_brand":[],"product_cat":[119,106,107],"product_tag":[],"class_list":{"0":"post-3966","1":"product","2":"type-product","3":"status-publish","4":"has-post-thumbnail","6":"product_cat-privat-de","7":"product_cat-rengoeringsmiddel-de","8":"product_cat-supr2clean-de","10":"first","11":"instock","12":"taxable","13":"shipping-taxable","14":"purchasable","15":"product-type-simple"},"_links":{"self":[{"href":"https:\/\/supr2clean.dk\/de\/wp-json\/wp\/v2\/product\/3966","targetHints":{"allow":["GET"]}}],"collection":[{"href":"https:\/\/supr2clean.dk\/de\/wp-json\/wp\/v2\/product"}],"about":[{"href":"https:\/\/supr2clean.dk\/de\/wp-json\/wp\/v2\/types\/product"}],"wp:featuredmedia":[{"embeddable":true,"href":"https:\/\/supr2clean.dk\/de\/wp-json\/wp\/v2\/media\/3953"}],"wp:attachment":[{"href":"https:\/\/supr2clean.dk\/de\/wp-json\/wp\/v2\/media?parent=3966"}],"wp:term":[{"taxonomy":"product_brand","embeddable":true,"href":"https:\/\/supr2clean.dk\/de\/wp-json\/wp\/v2\/product_brand?post=3966"},{"taxonomy":"product_cat","embeddable":true,"href":"https:\/\/supr2clean.dk\/de\/wp-json\/wp\/v2\/product_cat?post=3966"},{"taxonomy":"product_tag","embeddable":true,"href":"https:\/\/supr2clean.dk\/de\/wp-json\/wp\/v2\/product_tag?post=3966"}],"curies":[{"name":"wp","href":"https:\/\/api.w.org\/{rel}","templated":true}]}}