{"id":3684,"date":"2022-02-01T06:49:11","date_gmt":"2022-02-01T06:49:11","guid":{"rendered":"https:\/\/supr2clean.dk\/vare\/supr2clean-refill-pose-25-l-2\/"},"modified":"2022-04-10T09:54:15","modified_gmt":"2022-04-10T09:54:15","slug":"supr2clean-refill-pose-25-l-2","status":"publish","type":"product","link":"https:\/\/supr2clean.dk\/de\/vare\/supr2clean-refill-pose-25-l-2\/","title":{"rendered":"SUPR 2 CLEAN &#8211; NACHF\u00dcLLPOSE 2,5 L \u2013 kr. 168,00 + M\u00fctter DKK210,00"},"content":{"rendered":"<p>Tolles sauberes Waschmittel und Pflegeprodukt f\u00fcr alle Oberfl\u00e4chen in Kunst und Leder und etc.<\/p>\n<p>Entfernt Bakterien und Viren<\/p>\n<p>Nachf\u00fcllen Der Beutel dient zum Nachf\u00fcllen unserer Zerst\u00e4uberflaschen.<\/p>\n<p>1 St\u00fcck. 3 kg &#8211; Packma\u00df 23 *23*23<\/p>\n<p>Alle Nachf\u00fcllbeutel werden recycelt. Wir empfehlen und ermutigen, dass sich die Pos versammeln und zu uns zur\u00fcckgebracht werden.<\/p>\n<p>Bitte kontaktieren Sie uns auf der 34112222 f\u00fcr weitere Informationen.<\/p>\n","protected":false},"excerpt":{"rendered":"<p>Nachf\u00fcllbeutel mit 21\/2 Liter SUPR 2 CLEAN &#8211; f\u00fcr Zerst\u00e4uberflaschen<br \/>\nUltimative Kunst und Lederpflege, SUPR-einfach und schnell.<\/p>\n","protected":false},"featured_media":3488,"template":"","meta":[],"product_brand":[],"product_cat":[105,106,107],"product_tag":[],"class_list":{"0":"post-3684","1":"product","2":"type-product","3":"status-publish","4":"has-post-thumbnail","6":"product_cat-erhverv-de","7":"product_cat-rengoeringsmiddel-de","8":"product_cat-supr2clean-de","10":"first","11":"instock","12":"taxable","13":"shipping-taxable","14":"purchasable","15":"product-type-simple"},"_links":{"self":[{"href":"https:\/\/supr2clean.dk\/de\/wp-json\/wp\/v2\/product\/3684","targetHints":{"allow":["GET"]}}],"collection":[{"href":"https:\/\/supr2clean.dk\/de\/wp-json\/wp\/v2\/product"}],"about":[{"href":"https:\/\/supr2clean.dk\/de\/wp-json\/wp\/v2\/types\/product"}],"wp:featuredmedia":[{"embeddable":true,"href":"https:\/\/supr2clean.dk\/de\/wp-json\/wp\/v2\/media\/3488"}],"wp:attachment":[{"href":"https:\/\/supr2clean.dk\/de\/wp-json\/wp\/v2\/media?parent=3684"}],"wp:term":[{"taxonomy":"product_brand","embeddable":true,"href":"https:\/\/supr2clean.dk\/de\/wp-json\/wp\/v2\/product_brand?post=3684"},{"taxonomy":"product_cat","embeddable":true,"href":"https:\/\/supr2clean.dk\/de\/wp-json\/wp\/v2\/product_cat?post=3684"},{"taxonomy":"product_tag","embeddable":true,"href":"https:\/\/supr2clean.dk\/de\/wp-json\/wp\/v2\/product_tag?post=3684"}],"curies":[{"name":"wp","href":"https:\/\/api.w.org\/{rel}","templated":true}]}}