{"id":3673,"date":"2022-02-01T06:54:05","date_gmt":"2022-02-01T06:54:05","guid":{"rendered":"https:\/\/supr2clean.dk\/vare\/wetkins-vaadservietter-800-ark\/"},"modified":"2022-04-10T09:34:33","modified_gmt":"2022-04-10T09:34:33","slug":"wetkins-vaadservietter-800-ark","status":"publish","type":"product","link":"https:\/\/supr2clean.dk\/de\/vare\/wetkins-vaadservietter-800-ark\/","title":{"rendered":"WETKINS &#8211; Feuchtt\u00fccher &#8211; 800 Blatt &#8211; DKK 179,00 + MwSt. 22,99 \u00a3"},"content":{"rendered":"<p>WETKINS Feuchtt\u00fccher zum Abwischen\/Reinigen und Deaktivieren von Viren und Bakterien.<\/p>\n<p>Pflegt und pflegt gleichzeitig die getrocknete Oberfl\u00e4che. Probieren Sie sie in der Spenderschale oder, wenn es eine station\u00e4re L\u00f6sung sein soll, unseren Wandspender.<\/p>\n<p>&nbsp;<\/p>\n","protected":false},"excerpt":{"rendered":"<p>EFFEKTIV SUPR 2 CLEAN WETKINS<\/p>\n<p>&nbsp;<\/p>\n<p>Ist die L\u00f6sung f\u00fcr viele Reinigungsprobleme \u2013 besonders aktuell in dieser Corona-Zeit und f\u00fcr den t\u00e4glichen Einsatz in Kliniken und Fitnessstudios.<\/p>\n<p>WETKINS Feuchtt\u00fccher: 800 Blatt schweres Papier 22 x 24 cm., mit zugesetzter Fl\u00fcssigkeit EFFICIENT SUPR 2 CLEAN.1 Rolle mit 800 Blatt wird in einem geschwei\u00dften schweren Plastikbeutel mit einem Gewicht von ca. 4,3 kg geliefert \u2013 verpackt als 23 * 23 * 23 * 23<\/p>\n<p>WETKINS &#8211; Feuchtt\u00fccher &#8211; 800 Blatt<\/p>\n","protected":false},"featured_media":3492,"template":"","meta":[],"product_brand":[],"product_cat":[105,106,107],"product_tag":[],"class_list":{"0":"post-3673","1":"product","2":"type-product","3":"status-publish","4":"has-post-thumbnail","6":"product_cat-erhverv-de","7":"product_cat-rengoeringsmiddel-de","8":"product_cat-supr2clean-de","10":"first","11":"instock","12":"taxable","13":"shipping-taxable","14":"purchasable","15":"product-type-simple"},"_links":{"self":[{"href":"https:\/\/supr2clean.dk\/de\/wp-json\/wp\/v2\/product\/3673","targetHints":{"allow":["GET"]}}],"collection":[{"href":"https:\/\/supr2clean.dk\/de\/wp-json\/wp\/v2\/product"}],"about":[{"href":"https:\/\/supr2clean.dk\/de\/wp-json\/wp\/v2\/types\/product"}],"wp:featuredmedia":[{"embeddable":true,"href":"https:\/\/supr2clean.dk\/de\/wp-json\/wp\/v2\/media\/3492"}],"wp:attachment":[{"href":"https:\/\/supr2clean.dk\/de\/wp-json\/wp\/v2\/media?parent=3673"}],"wp:term":[{"taxonomy":"product_brand","embeddable":true,"href":"https:\/\/supr2clean.dk\/de\/wp-json\/wp\/v2\/product_brand?post=3673"},{"taxonomy":"product_cat","embeddable":true,"href":"https:\/\/supr2clean.dk\/de\/wp-json\/wp\/v2\/product_cat?post=3673"},{"taxonomy":"product_tag","embeddable":true,"href":"https:\/\/supr2clean.dk\/de\/wp-json\/wp\/v2\/product_tag?post=3673"}],"curies":[{"name":"wp","href":"https:\/\/api.w.org\/{rel}","templated":true}]}}