{"id":3580,"date":"2021-04-21T09:32:46","date_gmt":"2021-04-21T09:32:46","guid":{"rendered":"https:\/\/supr2clean.dk\/viden-om\/"},"modified":"2022-04-11T11:45:43","modified_gmt":"2022-04-11T11:45:43","slug":"viden-om","status":"publish","type":"page","link":"https:\/\/supr2clean.dk\/de\/viden-om\/","title":{"rendered":"KENNTNISSE \u00dcBER"},"content":{"rendered":"<p><div class=\"fusion-fullwidth fullwidth-box fusion-builder-row-1 fusion-flex-container fusion-parallax-none nonhundred-percent-fullwidth non-hundred-percent-height-scrolling lazyload\" style=\"background-color: rgba(255,255,255,0);background-image:linear-gradient(180deg, rgba(0,0,0,0.39) 0%,rgba(0,0,0,0.65) 100%);background-position: center center;background-repeat: no-repeat;border-width: 0px 0px 0px 0px;border-color:rgba(0,0,0,0.08);border-style:solid;-webkit-background-size:cover;-moz-background-size:cover;-o-background-size:cover;background-size:cover;\" data-bg=\"http:\/\/supr2clean.dk\/wp-content\/uploads\/2021\/04\/slide-2-scaled.jpg\" data-bg-gradient=\"linear-gradient(180deg, rgba(0,0,0,0.39) 0%,rgba(0,0,0,0.65) 100%)\" ><div class=\"fusion-builder-row fusion-row fusion-flex-align-items-flex-start fusion-flex-justify-content-center\" style=\"max-width:1372.8px;margin-left: calc(-4% \/ 2 );margin-right: calc(-4% \/ 2 );\"><div class=\"fusion-layout-column fusion_builder_column fusion-builder-column-0 fusion_builder_column_1_1 1_1 fusion-flex-column fusion-flex-align-self-center fusion-animated\" data-animationType=\"fadeInDown\" data-animationDuration=\"1.6\" data-animationOffset=\"100%\"><div class=\"fusion-column-wrapper fusion-flex-justify-content-flex-start fusion-content-layout-column\" style=\"background-position:left top;background-repeat:no-repeat;-webkit-background-size:cover;-moz-background-size:cover;-o-background-size:cover;background-size:cover;padding: 0px 0px 0px 0px;\"><style type=\"text\/css\">@media only screen and (max-width:1024px) {.fusion-title.fusion-title-1{margin-top:12px!important; margin-right:0px!important;margin-bottom:24px!important;margin-left:0px!important;}}@media only screen and (max-width:640px) {.fusion-title.fusion-title-1{margin-top:12px!important; margin-right:0px!important;margin-bottom:24px!important; margin-left:0px!important;}}<\/style><div class=\"fusion-title title fusion-title-1 fusion-sep-none fusion-title-center fusion-title-text fusion-title-size-one\" style=\"font-size:112PX;margin-top:12px;margin-right:0px;margin-bottom:24px;margin-left:0px;\"><h1 class=\"title-heading-center fusion-responsive-typography-calculated\" style=\"font-family:&quot;Josefin Sans&quot;;font-weight:700;margin:0;font-size:1em;color:#ffffff;--fontSize:20;line-height:1.12;\">KENNTNISSE \u00dcBER<\/h1><\/div><div class=\"fusion-text fusion-text-1 fusion-no-small-visibility\" style=\"font-size:16PX;color:#ffffff;margin-top:-20px;\"><p style=\"text-align: center;\">SUPR 2 CLEAN Verkauf Lederpflegeprodukte, die in \u00a0ein und demselben Workflow reinigen und pflegen.<br \/>\nUnsere Hauptkunden sind Physiotherapeuten, Chiropraktiker, Fitnesscenter, Fluggesellschaften, Schiffe, Hotels und Restaurants.<br \/>\nUnsere Produkte werden direkt an Gro\u00dfverbraucher verkauft, ohne teure Zwischenh\u00e4ndler.<\/p>\n<\/div><div style=\"text-align:center;\"><style type=\"text\/css\">.fusion-button.button-1 {border-radius:0px;}.fusion-button.button-1 .fusion-button-text {text-transform:uppercase;}<\/style><a class=\"fusion-button button-flat button-large button-default button-1 fusion-button-default-span fusion-button-default-type\" target=\"_self\" href=\"http:\/\/supr2clean.dk\/de\/kontakt\/\"><span class=\"fusion-button-text\">KONTAKTIEREN SIE UNS<\/span><\/a><\/div><\/div><style type=\"text\/css\">.fusion-body .fusion-builder-column-0{width:100% !important;margin-top : 10px;margin-bottom : 52px;}.fusion-builder-column-0 > .fusion-column-wrapper {padding-top : 0px !important;padding-right : 0px !important;margin-right : 1.92%;padding-bottom : 0px !important;padding-left : 0px !important;margin-left : 1.92%;}@media only screen and (max-width:1024px) {.fusion-body .fusion-builder-column-0{width:80% !important;margin-bottom : 48px;}.fusion-builder-column-0 > .fusion-column-wrapper {margin-right : 2.4%;margin-left : 2.4%;}}@media only screen and (max-width:640px) {.fusion-body .fusion-builder-column-0{width:100% !important;margin-bottom : 0px;}.fusion-builder-column-0 > .fusion-column-wrapper {padding-top : 55px !important;margin-right : 1.92%;padding-bottom : 63px !important;margin-left : 1.92%;}}<\/style><\/div><\/div><style type=\"text\/css\">.fusion-body .fusion-flex-container.fusion-builder-row-1{ padding-top : 90px;margin-top : 0px;padding-right : 0px;padding-bottom : 90px;margin-bottom : 0px;padding-left : 0px;}@media only screen and (max-width:1024px) {.fusion-body .fusion-flex-container.fusion-builder-row-1{ padding-top : 36px;padding-bottom : 42px;}}@media only screen and (max-width:640px) {.fusion-body .fusion-flex-container.fusion-builder-row-1{ padding-top : 12px;padding-right : 0px;padding-bottom : 0px;padding-left : 0px;}}<\/style><\/div><div class=\"fusion-fullwidth fullwidth-box fusion-builder-row-2 fusion-flex-container nonhundred-percent-fullwidth non-hundred-percent-height-scrolling\" style=\"background-color: rgba(255,255,255,0);background-position: center center;background-repeat: no-repeat;border-width: 0px 0px 0px 0px;border-color:rgba(0,0,0,0.08);border-style:solid;\" ><div class=\"fusion-builder-row fusion-row fusion-flex-align-items-flex-start\" style=\"max-width:1372.8px;margin-left: calc(-4% \/ 2 );margin-right: calc(-4% \/ 2 );\"><div class=\"fusion-layout-column fusion_builder_column fusion-builder-column-1 fusion_builder_column_1_2 1_2 fusion-flex-column fusion-flex-align-self-flex-start\"><div class=\"fusion-column-wrapper fusion-flex-justify-content-flex-start fusion-content-layout-column\" style=\"background-position:left top;background-repeat:no-repeat;-webkit-background-size:cover;-moz-background-size:cover;-o-background-size:cover;background-size:cover;padding: 0px 4% 150px 4%;\"><div ><span class=\" fusion-imageframe imageframe-none imageframe-1 hover-type-none\"><img decoding=\"async\" width=\"901\" height=\"641\" title=\"ATP-Messungen vor und nach der Reinigung mit SUPR 2 CLEAN\" src=\"https:\/\/supr2clean.dk\/wp-content\/uploads\/2022\/04\/ATP-Messungen-vor-und-nach-der-Reinigung-mit-SUPR-2-CLEAN.png\" data-orig-src=\"https:\/\/supr2clean.dk\/wp-content\/uploads\/2022\/04\/ATP-Messungen-vor-und-nach-der-Reinigung-mit-SUPR-2-CLEAN.png\" class=\"lazyload img-responsive wp-image-3890\" srcset=\"data:image\/svg+xml,%3Csvg%20xmlns%3D%27http%3A%2F%2Fwww.w3.org%2F2000%2Fsvg%27%20width%3D%27901%27%20height%3D%27641%27%20viewBox%3D%270%200%20901%20641%27%3E%3Crect%20width%3D%27901%27%20height%3D%27641%27%20fill-opacity%3D%220%22%2F%3E%3C%2Fsvg%3E\" data-srcset=\"https:\/\/supr2clean.dk\/wp-content\/uploads\/2022\/04\/ATP-Messungen-vor-und-nach-der-Reinigung-mit-SUPR-2-CLEAN-200x142.png 200w, https:\/\/supr2clean.dk\/wp-content\/uploads\/2022\/04\/ATP-Messungen-vor-und-nach-der-Reinigung-mit-SUPR-2-CLEAN-400x285.png 400w, https:\/\/supr2clean.dk\/wp-content\/uploads\/2022\/04\/ATP-Messungen-vor-und-nach-der-Reinigung-mit-SUPR-2-CLEAN-600x427.png 600w, https:\/\/supr2clean.dk\/wp-content\/uploads\/2022\/04\/ATP-Messungen-vor-und-nach-der-Reinigung-mit-SUPR-2-CLEAN-800x569.png 800w, https:\/\/supr2clean.dk\/wp-content\/uploads\/2022\/04\/ATP-Messungen-vor-und-nach-der-Reinigung-mit-SUPR-2-CLEAN.png 901w\" data-sizes=\"auto\" data-orig-sizes=\"(max-width: 640px) 100vw, 600px\" \/><\/span><\/div><\/div><style type=\"text\/css\">.fusion-body .fusion-builder-column-1{width:50% !important;margin-top : 0px;margin-bottom : 0px;}.fusion-builder-column-1 > .fusion-column-wrapper {padding-top : 0px !important;padding-right : 4% !important;margin-right : 3.84%;padding-bottom : 150 !important;padding-left : 4% !important;margin-left : 3.84%;}@media only screen and (max-width:1024px) {.fusion-body .fusion-builder-column-1{width:50% !important;order : 0;}.fusion-builder-column-1 > .fusion-column-wrapper {margin-right : 3.84%;margin-left : 3.84%;}}@media only screen and (max-width:640px) {.fusion-body .fusion-builder-column-1{width:100% !important;order : 0;}.fusion-builder-column-1 > .fusion-column-wrapper {margin-right : 1.92%;padding-bottom : 12px !important;margin-left : 1.92%;}}<\/style><\/div><div class=\"fusion-layout-column fusion_builder_column fusion-builder-column-2 fusion_builder_column_1_2 1_2 fusion-flex-column\"><div class=\"fusion-column-wrapper fusion-flex-justify-content-flex-start fusion-content-layout-column\" style=\"background-position:left top;background-repeat:no-repeat;-webkit-background-size:cover;-moz-background-size:cover;-o-background-size:cover;background-size:cover;background-color:#f9f9f9;padding: 40px 4% 40px 4%;\"><style type=\"text\/css\">@media only screen and (max-width:1024px) {.fusion-title.fusion-title-2{margin-top:12px!important; margin-right:0px!important;margin-bottom:24px!important;margin-left:0px!important;}}@media only screen and (max-width:640px) {.fusion-title.fusion-title-2{margin-top:12px!important; margin-right:0px!important;margin-bottom:24px!important; margin-left:0px!important;}}<\/style><div class=\"fusion-title title fusion-title-2 fusion-sep-none fusion-title-text fusion-title-size-one\" style=\"font-size:42px;margin-top:12px;margin-right:0px;margin-bottom:24px;margin-left:0px;\"><h1 class=\"title-heading-left fusion-responsive-typography-calculated\" style=\"font-family:&quot;Josefin Sans&quot;;font-weight:700;margin:0;font-size:1em;--fontSize:42;line-height:1.19;\">ATP-MESSUNG<\/h1><\/div><div class=\"fusion-text fusion-text-2\" style=\"font-size:14px;\"><div>\n<p><span lang=\"de\">AdenosinTriPhosphat (ATP)-Messungen werden im Zusammenhang mit Reinigungskontrollen im Gesundheitswesen eingesetzt.<\/span><\/p>\n<\/div>\n<div>\n<p><span lang=\"de\">ATP kommt in allen organischen Stoffen und in humanbiologischem Material vor, z.B. Hautpeelings und Sekreten. Die ATP-Messung wird mit einem Tupfer durchgef\u00fchrt und das Ergebnis kann vor Ort abgelesen werden. Ein erh\u00f6hter ATP-Wert liefert ein Ma\u00df daf\u00fcr, ob eine Oberfl\u00e4che mit organischer Substanz kontaminiert ist und wie hoch die Kontamination ist.<\/span><\/p>\n<\/div>\n<div>\n<p><span lang=\"de\">Da Bakterien nur in und durch ATP leben k\u00f6nnen, ist die Menge an ATP ein Ma\u00df daf\u00fcr, wie viele Bakterien sich auf einer bestimmten Oberfl\u00e4che befinden k\u00f6nnen.<\/span><\/p>\n<\/div>\n<div>\n<p><span lang=\"de\">Umgekehrt, je kleiner atp, desto kleiner die Bakterien, kein ATP verursacht keine Bakterien. <strong>\u00a0Bedenken Sie, dass einige der Bakterien immer noch so t\u00f6dlich sind wie vor corona.<\/strong><\/span><\/p>\n<\/div>\n<div>\n<p><span lang=\"de\">In nur 5 von 63 Messungen ist das Ergebnis kleiner als 100 und damit akzeptabel. Die Gesamtzahl der Messungen liegt zwischen 132 und 523 mit einem Gesamtdurchschnitt von 312,14 vor der Reinigung mit SUPR 2 clean und 24,13 nach der Reinigung mit SUPR 2 CLEAN.<\/span><\/p>\n<\/div>\n<\/div><\/div><style type=\"text\/css\">.fusion-body .fusion-builder-column-2{width:50% !important;margin-top : 0px;margin-bottom : 0px;}.fusion-builder-column-2 > .fusion-column-wrapper {padding-top : 40 !important;padding-right : 4% !important;margin-right : 0%;padding-bottom : 40 !important;padding-left : 4% !important;margin-left : 0%;}@media only screen and (max-width:1024px) {.fusion-body .fusion-builder-column-2{width:50% !important;order : 0;}.fusion-builder-column-2 > .fusion-column-wrapper {margin-right : 0%;margin-left : 0%;}}@media only screen and (max-width:640px) {.fusion-body .fusion-builder-column-2{width:100% !important;order : 0;}.fusion-builder-column-2 > .fusion-column-wrapper {margin-right : 1.92%;margin-left : 1.92%;}}<\/style><\/div><div class=\"fusion-layout-column fusion_builder_column fusion-builder-column-3 fusion_builder_column_1_2 1_2 fusion-flex-column fusion-flex-align-self-flex-start\"><div class=\"fusion-column-wrapper fusion-flex-justify-content-flex-start fusion-content-layout-column\" style=\"background-position:left top;background-repeat:no-repeat;-webkit-background-size:cover;-moz-background-size:cover;-o-background-size:cover;background-size:cover;padding: 0px 4% 40px 4%;\"><div ><span class=\" fusion-imageframe imageframe-none imageframe-2 hover-type-none\"><img decoding=\"async\" width=\"660\" height=\"377\" title=\"Bakterien vorher und ATP vorher\" src=\"https:\/\/supr2clean.dk\/wp-content\/uploads\/2022\/04\/Bakterien-vorher-und-ATP-vorher.png\" data-orig-src=\"https:\/\/supr2clean.dk\/wp-content\/uploads\/2022\/04\/Bakterien-vorher-und-ATP-vorher.png\" class=\"lazyload img-responsive wp-image-3893\" srcset=\"data:image\/svg+xml,%3Csvg%20xmlns%3D%27http%3A%2F%2Fwww.w3.org%2F2000%2Fsvg%27%20width%3D%27660%27%20height%3D%27377%27%20viewBox%3D%270%200%20660%20377%27%3E%3Crect%20width%3D%27660%27%20height%3D%27377%27%20fill-opacity%3D%220%22%2F%3E%3C%2Fsvg%3E\" data-srcset=\"https:\/\/supr2clean.dk\/wp-content\/uploads\/2022\/04\/Bakterien-vorher-und-ATP-vorher-200x114.png 200w, https:\/\/supr2clean.dk\/wp-content\/uploads\/2022\/04\/Bakterien-vorher-und-ATP-vorher-400x228.png 400w, https:\/\/supr2clean.dk\/wp-content\/uploads\/2022\/04\/Bakterien-vorher-und-ATP-vorher-600x343.png 600w, https:\/\/supr2clean.dk\/wp-content\/uploads\/2022\/04\/Bakterien-vorher-und-ATP-vorher.png 660w\" data-sizes=\"auto\" data-orig-sizes=\"(max-width: 640px) 100vw, 600px\" \/><\/span><\/div><\/div><style type=\"text\/css\">.fusion-body .fusion-builder-column-3{width:50% !important;margin-top : 0px;margin-bottom : 0px;}.fusion-builder-column-3 > .fusion-column-wrapper {padding-top : 0px !important;padding-right : 4% !important;margin-right : 3.84%;padding-bottom : 40 !important;padding-left : 4% !important;margin-left : 3.84%;}@media only screen and (max-width:1024px) {.fusion-body .fusion-builder-column-3{width:50% !important;order : 0;}.fusion-builder-column-3 > .fusion-column-wrapper {margin-right : 3.84%;margin-left : 3.84%;}}@media only screen and (max-width:640px) {.fusion-body .fusion-builder-column-3{width:100% !important;order : 0;}.fusion-builder-column-3 > .fusion-column-wrapper {margin-right : 1.92%;margin-left : 1.92%;}}<\/style><\/div><div class=\"fusion-layout-column fusion_builder_column fusion-builder-column-4 fusion_builder_column_1_2 1_2 fusion-flex-column fusion-flex-align-self-flex-start\"><div class=\"fusion-column-wrapper fusion-flex-justify-content-flex-start fusion-content-layout-column\" style=\"background-position:left top;background-repeat:no-repeat;-webkit-background-size:cover;-moz-background-size:cover;-o-background-size:cover;background-size:cover;padding: 0px 4% 40px 4%;\"><div ><span class=\" fusion-imageframe imageframe-none imageframe-3 hover-type-none\"><img decoding=\"async\" width=\"662\" height=\"434\" title=\"Bakterien nachher und ATP nachher\" src=\"https:\/\/supr2clean.dk\/wp-content\/uploads\/2022\/04\/Bakterien-nachher-und-ATP-nachher.png\" data-orig-src=\"https:\/\/supr2clean.dk\/wp-content\/uploads\/2022\/04\/Bakterien-nachher-und-ATP-nachher.png\" class=\"lazyload img-responsive wp-image-3896\" srcset=\"data:image\/svg+xml,%3Csvg%20xmlns%3D%27http%3A%2F%2Fwww.w3.org%2F2000%2Fsvg%27%20width%3D%27662%27%20height%3D%27434%27%20viewBox%3D%270%200%20662%20434%27%3E%3Crect%20width%3D%27662%27%20height%3D%27434%27%20fill-opacity%3D%220%22%2F%3E%3C%2Fsvg%3E\" data-srcset=\"https:\/\/supr2clean.dk\/wp-content\/uploads\/2022\/04\/Bakterien-nachher-und-ATP-nachher-200x131.png 200w, https:\/\/supr2clean.dk\/wp-content\/uploads\/2022\/04\/Bakterien-nachher-und-ATP-nachher-400x262.png 400w, https:\/\/supr2clean.dk\/wp-content\/uploads\/2022\/04\/Bakterien-nachher-und-ATP-nachher-600x393.png 600w, https:\/\/supr2clean.dk\/wp-content\/uploads\/2022\/04\/Bakterien-nachher-und-ATP-nachher.png 662w\" data-sizes=\"auto\" data-orig-sizes=\"(max-width: 640px) 100vw, 600px\" \/><\/span><\/div><\/div><style type=\"text\/css\">.fusion-body .fusion-builder-column-4{width:50% !important;margin-top : 0px;margin-bottom : 0px;}.fusion-builder-column-4 > .fusion-column-wrapper {padding-top : 0px !important;padding-right : 4% !important;margin-right : 3.84%;padding-bottom : 40 !important;padding-left : 4% !important;margin-left : 3.84%;}@media only screen and (max-width:1024px) {.fusion-body .fusion-builder-column-4{width:50% !important;order : 0;}.fusion-builder-column-4 > .fusion-column-wrapper {margin-right : 3.84%;margin-left : 3.84%;}}@media only screen and (max-width:640px) {.fusion-body .fusion-builder-column-4{width:100% !important;order : 0;}.fusion-builder-column-4 > .fusion-column-wrapper {margin-right : 1.92%;margin-left : 1.92%;}}<\/style><\/div><\/div><style type=\"text\/css\">.fusion-body .fusion-flex-container.fusion-builder-row-2{ padding-top : 57px;margin-top : 0px;padding-right : 0px;padding-bottom : 0px;margin-bottom : 0px;padding-left : 0px;}<\/style><\/div><\/p>\n","protected":false},"excerpt":{"rendered":"","protected":false},"author":4,"featured_media":0,"parent":0,"menu_order":0,"comment_status":"closed","ping_status":"closed","template":"100-width.php","meta":{"footnotes":""},"class_list":["post-3580","page","type-page","status-publish","hentry"],"_links":{"self":[{"href":"https:\/\/supr2clean.dk\/de\/wp-json\/wp\/v2\/pages\/3580","targetHints":{"allow":["GET"]}}],"collection":[{"href":"https:\/\/supr2clean.dk\/de\/wp-json\/wp\/v2\/pages"}],"about":[{"href":"https:\/\/supr2clean.dk\/de\/wp-json\/wp\/v2\/types\/page"}],"author":[{"embeddable":true,"href":"https:\/\/supr2clean.dk\/de\/wp-json\/wp\/v2\/users\/4"}],"replies":[{"embeddable":true,"href":"https:\/\/supr2clean.dk\/de\/wp-json\/wp\/v2\/comments?post=3580"}],"version-history":[{"count":5,"href":"https:\/\/supr2clean.dk\/de\/wp-json\/wp\/v2\/pages\/3580\/revisions"}],"predecessor-version":[{"id":3899,"href":"https:\/\/supr2clean.dk\/de\/wp-json\/wp\/v2\/pages\/3580\/revisions\/3899"}],"wp:attachment":[{"href":"https:\/\/supr2clean.dk\/de\/wp-json\/wp\/v2\/media?parent=3580"}],"curies":[{"name":"wp","href":"https:\/\/api.w.org\/{rel}","templated":true}]}}